{"id":105,"date":"2023-10-13T13:18:36","date_gmt":"2023-10-13T13:18:36","guid":{"rendered":"http:\/\/closedloop.pt\/index.php\/mesmerize\/"},"modified":"2025-01-10T14:02:47","modified_gmt":"2025-01-10T14:02:47","slug":"mesmerize","status":"publish","type":"page","link":"https:\/\/closedloop.pt\/","title":{"rendered":"PT"},"content":{"rendered":"<div id=\"about\" class=\"\" style=\"background-color: #1b2631; padding: 20px;\" data-label=\"Sobre n\u00f3s\" data-id=\"about\" data-export-id=\"about-4\" data-bullets-visibility=\"true\" data-category=\"about\">\n<div align=\"center\">\n<div class=\"col-sm-8 space-bottom-xs\" data-type=\"column\">\n<h3 class=\"\" style=\"color: white;\">O nosso principal objetivo \u00e9 acrescentar valor tecnol\u00f3gico aos nossos clientes.<\/h3>\n<\/div>\n<\/div>\n<div align=\"center\">\n<div class=\"wp-block-embed__wrapper\">\n<div align=\"center\">\n<div class=\"col-xs-12 col-sm-12 col-md-12 space-bottom\" style=\"max-width: 83%; max-height: 83%;\">\n<figure class=\"wp-block-video\"><video width=\"auto\" height=\"auto\" src=\"https:\/\/closedloop.pt\/wp-content\/uploads\/2023\/10\/INDUSTRY_5_0.mp4\" poster=\"https:\/\/closedloop.pt\/wp-content\/uploads\/2023\/10\/INDUSTRY_green.png\" autoplay=\"autoplay\" playsinline=\"playsinline\" loop=\"loop\" muted=\"\"><\/video><\/figure>\n<\/div>\n<\/div>\n<\/div>\n<\/div>\n<\/div>\n<div id=\"eolica\" class=\"about-4 content-section content-section-spacing\" style=\"background-color: #f5fafd;\" data-label=\"Energia E\u00f3lica\" data-id=\"about--1\" data-export-id=\"about-4\" data-bullets-visibility=\"true\" data-category=\"about\">\n<div class=\"gridContainer\">\n<div class=\"row middle-sm text-center\">\n<div class=\"col-sm-5 space-bottom-xs\" data-type=\"column\">\n<h5 class=\"font-500\">ENERGIAS RENOV\u00c1VEIS<\/h5>\n<h2 class=\"\">MOLDES E COMP\u00d3SITOS<\/h2>\n<div class=\"col-padding-small description-container\" data-type=\"column\">\n<p class=\"lead\" style=\"font-size: 16px;\"><b>Desenvolvemos solu\u00e7\u00f5es e otimizamos processos na \u00e1rea E\u00f3lica.<\/b><\/p>\n\n<\/div>\n<div class=\"col-padding-small description-container\" data-type=\"column\">\n<p class=\"lead\" style=\"font-size: 16px;\">A nossa equipa tem mais de 15 anos de experi\u00eancia a desenvolver solu\u00e7\u00f5es para a produ\u00e7\u00e3o de p\u00e1s e\u00f3licas.<\/p>\n\n<\/div>\n<\/div>\n<div class=\"col-sm-7 flexbox center-xs middle-xs image-group-2-img\">\n<figure class=\"img-1 shadow-large\"><video width=\"auto\" height=\"auto\" src=\"https:\/\/closedloop.pt\/wp-content\/uploads\/2023\/10\/green_wind_moulds.mp4\" poster=\"https:\/\/closedloop.pt\/wp-content\/uploads\/2023\/10\/mould_calibration1.png\" autoplay=\"autoplay\" playsinline=\"playsinline\" loop=\"loop\" muted=\"\"><\/video><\/figure>\n<figure class=\"img-2 shadow-large\"><video width=\"auto\" height=\"auto\" src=\"https:\/\/closedloop.pt\/wp-content\/uploads\/2023\/10\/green_wind_moulds_2.mp4\" poster=\"https:\/\/closedloop.pt\/wp-content\/uploads\/2023\/10\/mould_calibration-2.png\" autoplay=\"autoplay\" playsinline=\"playsinline\" loop=\"loop\" muted=\"\"><\/video><\/figure>\n<\/div>\n<\/div>\n<\/div>\n<\/div>\n<div id=\"wind\" class=\"features-16 content-section content-section-spacing\" style=\"background-color: #ffffff;\" data-label=\"Energia E\u00f3lica\" data-id=\"features--1\" data-export-id=\"features-16\" data-category=\"features\">\n<div class=\"gridContainer\">\n<div class=\"row text-center\">\n<div class=\"section-title-col\" data-type=\"column\">\n<h2 class=\"font-500\">ENERGIA E\u00d3LICA<\/h2>\n<p class=\"lead\" style=\"font-size: 16px;\"><b>Integramos a nossa topologia \u201cClosedLoop\u201d com o objetivo de tornar a solu\u00e7\u00e3o final mais eficiente e robusta.<\/b><\/p>\n\n<\/div>\n<\/div>\n<div class=\"row spaced-cols\" data-type=\"row\">\n<div class=\"col-xs-12 col-sm-6 col-md-4 space-bottom\">\n<figure class=\"face\"><video width=\"auto\" height=\"auto\" src=\"https:\/\/closedloop.pt\/wp-content\/uploads\/2023\/10\/degassers_resin.mp4\" poster=\"https:\/\/closedloop.pt\/wp-content\/uploads\/2023\/10\/resin_degassers_1.png\" autoplay=\"autoplay\" playsinline=\"playsinline\" loop=\"loop\" muted=\"\"><\/video><\/figure>\n<div class=\"col-padding-small col-padding-small-xs description-container\" data-type=\"column\">\n<h4 class=\"\" style=\"font-size: 16px;\">\u2013 Misturadores de resina;<\/h4>\n<h4 class=\"\" style=\"font-size: 16px;\">\u2013 Desgaseificadores de resina;<\/h4>\n<h4 class=\"\" style=\"font-size: 16px;\">\u2013 Fornos at\u00e9 250\u00ba C.<\/h4>\n<\/div>\n<\/div>\n<div class=\"col-xs-12 col-sm-6 col-md-4 space-bottom\">\n<figure class=\"face\"><video width=\"auto\" height=\"auto\" src=\"https:\/\/closedloop.pt\/wp-content\/uploads\/2023\/10\/calibration_mold.mp4\" poster=\"https:\/\/closedloop.pt\/wp-content\/uploads\/2023\/10\/mould_calibration1.png\" autoplay=\"autoplay\" playsinline=\"playsinline\" loop=\"loop\" muted=\"\"><\/video><\/figure>\n<div class=\"col-padding-small col-padding-small-xs description-container\" data-type=\"column\">\n<h4 class=\"\" style=\"font-size: 16px;\">\u2013 Calibra\u00e7\u00e3o de moldes;<\/h4>\n<h4 class=\"\" style=\"font-size: 16px;\">\u2013 M\u00e1quinas especiais para a produ\u00e7\u00e3o de p\u00e1s e\u00f3licas;<\/h4>\n<h4 class=\"\" style=\"font-size: 16px;\">\u2013Aquecedores de p\u00e1s e\u00f3licas.<\/h4>\n<\/div>\n<\/div>\n<div class=\"col-xs-12 col-sm-6 col-md-4 space-bottom\">\n<figure class=\"face\"><video width=\"auto\" height=\"auto\" src=\"https:\/\/closedloop.pt\/wp-content\/uploads\/2023\/10\/mould_heating_control.mp4\" poster=\"https:\/\/closedloop.pt\/wp-content\/uploads\/2023\/10\/mould_composites_1.png\" autoplay=\"autoplay\" playsinline=\"playsinline\" loop=\"loop\" muted=\"\"><\/video><\/figure>\n<div class=\"col-padding-small col-padding-small-xs description-container\" data-type=\"column\">\n<h4 class=\"\" style=\"font-size: 16px;\">\u2013 Controlo de Temperatura de Moldes;<\/h4>\n<h4 class=\"\" style=\"font-size: 16px;\">\u2013 Sistemas de Supervis\u00e3o e Efici\u00eancia Energ\u00e9tica;<\/h4>\n<h4 class=\"\" style=\"font-size: 16px;\">\u2013 Dispensador Autom\u00e1tico de cola em <i>WEB.<\/i><\/h4>\n<\/div>\n<\/div>\n<\/div>\n<\/div>\n<\/div>\n<div id=\"automation\" class=\"about-images-right-section-mc content-section content-section-spacing\" style=\"background-color: #f5fafd;\" data-label=\"Automa\u00e7\u00e3o Industrial\" data-id=\"about--4\" data-export-id=\"about-images-right-section-mc\" data-bullets-visibility=\"true\" data-category=\"automation\">\n<div class=\"gridContainer\">\n<div class=\"row middle-sm text-center\">\n<div class=\"col-sm-5 content-left-sm\" data-type=\"column\">\n<div class=\"gridContainer\">\n<p class=\"my_class\"><\/p>\n<p id=\"my_id\"><\/p>\n<p data-save=\"my_save\"><\/p>\n<p id=\"my_id\"><\/p>\n\n<\/div>\n<h2 class=\"font-500\">AUTOMA\u00c7\u00c3O INDUSTRIAL<\/h2>\n<div class=\"col-padding-small description-container\" data-type=\"column\">\n<h4 class=\"lead\" style=\"font-size: 16px;\">A nossa experi\u00eancia permite uma boa perce\u00e7\u00e3o da necessidade espec\u00edfica de cada cliente e posterior resolu\u00e7\u00e3o dos seus desafios.<\/h4>\n<\/div>\n<div class=\"col-padding-small description-container\" data-type=\"column\">\n<h4 class=\"lead\" style=\"font-size: 16px;\"><b>Experi\u00eancia:<\/b><\/h4>\n<h4 class=\"lead\" style=\"font-size: 16px;\">\u2013 Ind\u00fastria Madeireira;<\/h4>\n<h4 class=\"lead\" style=\"font-size: 16px;\">\u2013 Revestimento de Superf\u00edcies;<\/h4>\n<h4 class=\"lead\" style=\"font-size: 16px;\">\u2013 Ind\u00fastria E\u00f3lica;<\/h4>\n<h4 class=\"lead\" style=\"font-size: 16px;\">\u2013 Aeron\u00e1utica.<\/h4>\n<\/div>\n<div class=\"col-padding-small description-container\" data-type=\"column\">\n<h4 class=\"lead\" style=\"font-size: 16px;\"><b>Solu\u00e7\u00f5es desenvolvidas pela ClosedLoop:<\/b><\/h4>\n<h4 class=\"lead\" style=\"font-size: 16px;\">\u2013 Controlo de equipamentos de pintura em cont\u00ednuo;<\/h4>\n<h4 class=\"lead\" style=\"font-size: 16px;\">\u2013 Controlo de equipamentos de galvaniza\u00e7\u00e3o;<\/h4>\n<h4 class=\"lead\" style=\"font-size: 16px;\">\u2013 Controlo de temperatura de moldes;<\/h4>\n<h4 class=\"lead\" style=\"font-size: 16px;\">\u2013 C\u00e9lulas robotizadas;<\/h4>\n<h4 class=\"lead\" style=\"font-size: 16px;\">\u2013 Entre outras\u2026<\/h4>\n<\/div>\n<div class=\"col-padding-small description-container\" data-type=\"column\">\n<h4 class=\"lead\" style=\"font-size: 16px;\"><b>Trabalhamos com as principais marcas de refer\u00eancia do mercado, tais como:<\/b><\/h4>\n<h4 class=\"lead\" style=\"font-size: 16px;\">\u2013 Siemens;<\/h4>\n<h4 class=\"lead\" style=\"font-size: 16px;\">\u2013 Rockwell Automation;<\/h4>\n<h4 class=\"lead\" style=\"font-size: 16px;\">\u2013 Omrom;<\/h4>\n<h4 class=\"lead\" style=\"font-size: 16px;\">\u2013 Schneider Electric;<\/h4>\n<h4 class=\"lead\" style=\"font-size: 16px;\">\u2013 Beijer Electronics.<\/h4>\n<\/div>\n<\/div>\n<div class=\"col-sm-7 space-bottom-xs\">\n<div class=\"image-group-side-3-img\">\n<figure class=\"topimg shadow-large\"><video width=\"auto\" height=\"auto\" src=\"https:\/\/closedloop.pt\/wp-content\/uploads\/2023\/10\/automation1.mp4\" autoplay=\"autoplay\" playsinline=\"playsinline\" loop=\"loop\" muted=\"\"><\/video><\/figure>\n<img decoding=\"async\" class=\"rightimg shadow-large\" title=\"automation\" src=\"https:\/\/closedloop.pt\/wp-content\/uploads\/2023\/10\/AUTOMATION.png\" alt=\"\" \/>\n<div class=\"leftimg\">\n<figure class=\"shadow-large\"><video width=\"auto\" height=\"auto\" src=\"https:\/\/closedloop.pt\/wp-content\/uploads\/2023\/10\/automation2.mp4\" autoplay=\"autoplay\" playsinline=\"playsinline\" loop=\"loop\" muted=\"\"><\/video><\/figure>\n<\/div>\n<\/div>\n<\/div>\n<\/div>\n<\/div>\n<\/div>\n<div id=\"machines\" class=\"about-9 content-section content-section-spacing\" style=\"background-color: #ffffff;\" data-label=\"M\u00e1quinas Especiais\" data-id=\"about--6\" data-export-id=\"about-10\" data-bullets-visibility=\"true\" data-category=\"machines especiais\">\n<div class=\"gridContainer\">\n<div class=\"row middle-sm text-center\">\n<div class=\"col-sm-5 space-bottom-xs content-column content-right-sm\" data-type=\"column\">\n<div class=\"gridContainer\">\n<p class=\"my_class\"><\/p>\n<p id=\"my_id\"><\/p>\n<p data-save=\"my_save\"><\/p>\n<p id=\"my_id\"><\/p>\n\n<\/div>\n<h2 class=\"\">M\u00c1QUINAS ESPECIAIS:<\/h2>\n<p class=\"lead\"><span style=\"color: #6b7c93; font-size: 16px;\"><b>A ClosedLoop possui uma vasta experi\u00eancia no desenvolvimento de m\u00e1quinas especiais. Sempre em contacto com os nossos clientes, analisamos os seus desafios e propomos solu\u00e7\u00f5es.<\/b><\/span><br style=\"color: #6b7c93; font-size: 16px;\" \/><br style=\"color: #6b7c93; font-size: 16px;\" \/><span style=\"color: #6b7c93; font-size: 16px;\">Acreditamos que o que nos diferencia e distingue \u00e9 o detalhe com que apresentamos a solu\u00e7\u00e3o final.<\/span><br style=\"color: #6b7c93; font-size: 16px;\" \/><br style=\"color: #6b7c93; font-size: 16px;\" \/><span style=\"color: #6b7c93; font-size: 16px;\">Hoje em dia existe cada vez mais a necessidade de implementa\u00e7\u00e3o de rob\u00f3tica de manipula\u00e7\u00e3o nas solu\u00e7\u00f5es permitindo uma f\u00e1cil adapta\u00e7\u00e3o a altera\u00e7\u00f5es.<\/span><br style=\"color: #6b7c93; font-size: 16px;\" \/><br style=\"color: #6b7c93; font-size: 16px;\" \/><span style=\"color: #6b7c93; font-size: 16px;\">Dispomos tamb\u00e9m de solu\u00e7\u00f5es na \u00e1rea da vis\u00e3o artificial, permitindo fechar a malha de controlo em determinadas aplica\u00e7\u00f5es que assim o exigem.<\/span><\/p>\n\n<\/div>\n<div class=\"col-sm-7 flexbox flexbox middle-xs center-xs space-bottom-xs\">\n<div class=\"overlay-box flexbox middle-xs center-xs overlay-holder \">\n<div class=\"overlay-box-offset offset-background shadow-medium hide-xs\" style=\"background-color: #e4edf7;\"><\/div>\n<figure class=\"flexbox shadow-large img1\"><video width=\"auto\" height=\"auto\" src=\"https:\/\/closedloop.pt\/wp-content\/uploads\/2023\/10\/machines.mp4\" autoplay=\"autoplay\" playsinline=\"playsinline\" loop=\"loop\" muted=\"\" data-size=\"600x400\"><\/video><\/figure>\n<\/div>\n<\/div>\n<\/div>\n<\/div>\n<\/div>\n<div id=\"eletronica\" class=\"about-4 content-section content-section-spacing\" style=\"background-color: #f5fafd;\" data-label=\"Eletr\u00f3nica\" data-id=\"about--1\" data-export-id=\"about-4\" data-bullets-visibility=\"true\" data-category=\"eletronica\">\n<div class=\"gridContainer\">\n<div class=\"row middle-sm text-center\">\n<div class=\"col-sm-5 space-bottom-xs\" data-type=\"column\">\n<div class=\"gridContainer\">\n<p class=\"my_class\"><\/p>\n<p id=\"my_id\"><\/p>\n<p data-save=\"my_save\"><\/p>\n<p id=\"my_id\"><\/p>\n\n<\/div>\n<h2 class=\"\">ELETR\u00d3NICA<\/h2>\n<div class=\"col-padding-small description-container\" data-type=\"column\">\n<h4 class=\"lead\" style=\"font-size: 16px;\"><b>Desenvolvemos solu\u00e7\u00f5es customizadas para uso espec\u00edfico:<\/b><\/h4>\n<h5 class=\"lead\" style=\"font-size: 16px;\">\u2013 Produ\u00e7\u00e3o de prot\u00f3tipos;<\/h5>\n<h5 class=\"lead\" style=\"font-size: 16px;\">\u2013 Desenvolvimento de firmware;<\/h5>\n<h5 class=\"lead\" style=\"font-size: 16px;\">\u2013 Certifica\u00e7\u00e3o de solu\u00e7\u00e3o consoante as normas em vigor;<\/h5>\n<h5 class=\"lead\" style=\"font-size: 16px;\">\u2013 E por fim, a produ\u00e7\u00e3o em massa.<\/h5>\n<\/div>\n<div class=\"col-padding-small description-container\" data-type=\"column\">\n<h5 class=\"lead\" style=\"font-size: 16px;\"><b>Desenvolvemos solu\u00e7\u00f5es na \u00e1rea industrial com protocolos de comunica\u00e7\u00e3o ModBus TCP\/IP, ModBus RTU sobre 485, Can Bus, entre outras.<\/b><\/h5>\n<\/div>\n<\/div>\n<div class=\"col-sm-7 flexbox center-xs middle-xs image-group-2-img\">\n<figure class=\"img-1 shadow-large\"><video width=\"auto\" height=\"auto\" src=\"https:\/\/closedloop.pt\/wp-content\/uploads\/2023\/10\/electronics2.mp4\" autoplay=\"autoplay\" playsinline=\"playsinline\" loop=\"loop\" muted=\"\"><\/video><\/figure>\n<figure class=\"img-2 shadow-large\"><video width=\"auto\" height=\"auto\" src=\"https:\/\/closedloop.pt\/wp-content\/uploads\/2023\/10\/electronics1.mp4\" autoplay=\"autoplay\" playsinline=\"playsinline\" loop=\"loop\" muted=\"\"><\/video><\/figure>\n<\/div>\n<\/div>\n<\/div>\n<\/div>\n<div id=\"eletronica\" class=\"about-9 content-section content-section-spacing\" style=\"background-color: #ffffff;\" data-label=\"Eletr\u00f3nica\" data-id=\"about--7\" data-export-id=\"about-9\" data-category=\"electronics\">\n<div class=\"gridContainer\">\n<div class=\"row middle-sm text-center\">\n<div class=\"col-sm-5 space-bottom-xs content-column content-right-sm\" data-type=\"column\">\n<h3 class=\"\"><b>Equipamentos desenvolvidos pela ClosedLoop:<\/b><\/h3>\n<h4 class=\"lead\"><span style=\"font-size: 16px; letter-spacing: normal;\">\u2013 M\u00f3dulo de aquisi\u00e7\u00e3o de temperaturas;<\/span><br style=\"font-size: 16px; letter-spacing: normal;\" \/><br style=\"font-size: 16px; letter-spacing: normal;\" \/><span style=\"font-size: 16px; letter-spacing: normal;\">\u2013 RTD e termopares;<\/span><br style=\"font-size: 16px; letter-spacing: normal;\" \/><br style=\"font-size: 16px; letter-spacing: normal;\" \/><span style=\"font-size: 16px; letter-spacing: normal;\">\u2013 Equipamentos de leitura de impress\u00e3o digital e Tags RFID;<\/span><br style=\"font-size: 16px; letter-spacing: normal;\" \/><br style=\"font-size: 16px; letter-spacing: normal;\" \/><span style=\"font-size: 16px; letter-spacing: normal;\">\u2013 M\u00f3dulos de controlo e supervis\u00e3o GSM;<\/span><br style=\"font-size: 16px; letter-spacing: normal;\" \/><br style=\"font-size: 16px; letter-spacing: normal;\" \/><span style=\"font-size: 16px; letter-spacing: normal;\">\u2013 Banco de carga resistivo de liga\u00e7\u00e3o a baterias;<\/span><br style=\"font-size: 16px; letter-spacing: normal;\" \/><br style=\"font-size: 16px; letter-spacing: normal;\" \/><span style=\"font-size: 16px; letter-spacing: normal;\">\u2013 Entre outros\u2026<\/span><\/h4>\n<\/div>\n<div class=\"col-sm-7 flexbox flexbox middle-xs center-xs space-bottom-xs\">\n<div class=\"overlay-box flexbox middle-xs center-xs overlay-holder \">\n<div class=\"overlay-box-offset offset-background shadow-medium hide-xs\" style=\"background-color: #e4edf7;\"><\/div>\n<figure class=\"flexbox shadow-large img1\"><video width=\"auto\" height=\"auto\" src=\"https:\/\/closedloop.pt\/wp-content\/uploads\/2023\/10\/mould_composites.mp4\" autoplay=\"autoplay\" playsinline=\"playsinline\" loop=\"loop\" muted=\"\" data-size=\"600x400\"><\/video><\/figure>\n<\/div>\n<\/div>\n<\/div>\n<\/div>\n<\/div>\n<div id=\"services\" class=\"features-16-card-bordered-mc content-section content-section-spacing\" style=\"background-color: #f5fafd;\" data-label=\"Servi\u00e7os\" data-id=\"features--2\" data-export-id=\"features-16-card-bordered-mc\" data-bullets-visibility=\"true\" data-category=\"features\">\n<div class=\"gridContainer\">\n<div class=\"row text-center\">\n<div class=\"section-title-col\" data-type=\"column\">\n<div class=\"gridContainer\">\n<p class=\"my_class\"><\/p>\n<p id=\"my_id\"><\/p>\n<p data-save=\"my_save\"><\/p>\n<p id=\"my_id\"><\/p>\n\n<\/div>\n<h2 class=\"\">Presta\u00e7\u00e3o de Servi\u00e7os<\/h2>\n<\/div>\n<\/div>\n<div class=\"row spaced-cols\" data-type=\"row\">\n<div class=\"col-xs-12 col-sm-6 col-md-4\">\n<div class=\"card no-padding bordered y-move\">\n<figure class=\"wp-block-video\"><video width=\"auto\" height=\"auto\" src=\"https:\/\/closedloop.pt\/wp-content\/uploads\/2023\/10\/INDUSTRIAL_MAINTENANCE.mp4\" autoplay=\"autoplay\" playsinline=\"playsinline\" loop=\"loop\" muted=\"\"><\/video><\/figure>\n<div class=\"col-padding-small col-padding-small-xs description-container\" data-type=\"column\">\n<h4 class=\"font-100\">MANUTEN\u00c7\u00c3O INDUSTRIAL<\/h4>\n<\/div>\n<div class=\"col-padding-small col-padding-small-xs read-more-container\" data-type=\"column\"><\/div>\n<\/div>\n<\/div>\n<div class=\"col-xs-12 col-sm-6 col-md-4\">\n<div class=\"card no-padding bordered y-move\">\n<figure class=\"wp-block-video\"><video width=\"auto\" height=\"auto\" src=\"https:\/\/closedloop.pt\/wp-content\/uploads\/2023\/10\/burners_assistance.mp4\" autoplay=\"autoplay\" playsinline=\"playsinline\" loop=\"loop\" muted=\"\"><\/video><\/figure>\n<div class=\"col-padding-small col-padding-small-xs description-container\" data-type=\"column\">\n<h4 class=\"font-100\">ASSIST\u00caNCIA QUEIMADORES<\/h4>\n<\/div>\n<div class=\"col-padding-small col-padding-small-xs read-more-container\" data-type=\"column\"><\/div>\n<\/div>\n<\/div>\n<div class=\"col-xs-12 col-sm-6 col-md-4\">\n<div class=\"card no-padding bordered y-move\">\n<figure class=\"wp-block-video\"><video width=\"auto\" height=\"auto\" src=\"https:\/\/closedloop.pt\/wp-content\/uploads\/2023\/10\/PAINTING_ELECTROSTATIC.mp4\" autoplay=\"autoplay\" playsinline=\"playsinline\" loop=\"loop\" muted=\"\"><\/video><\/figure>\n<div class=\"col-padding-small col-padding-small-xs description-container\" data-type=\"column\">\n<h4 class=\"font-100\">ASSIST\u00caNCIA PINTURA ELETROST\u00c1TICA<\/h4>\n<\/div>\n<div class=\"col-padding-small col-padding-small-xs read-more-container\" data-type=\"column\"><\/div>\n<\/div>\n<\/div>\n<\/div>\n<\/div>\n<\/div>\n<div id=\"quality\" class=\"content-8-mc content-section content-section-spacing\" style=\"background-color: #ffffff;\" data-label=\"Pol\u00edtica Qualidade\" data-id=\"content--1\" data-export-id=\"content-8-mc\" data-category=\"content\" data-bullets-visibility=\"true\">\n<div class=\"gridContainer\">\n<div class=\"row middle-sm\">\n<div class=\"gridContainer\">\n<p class=\"my_class\"><\/p>\n<p id=\"my_id\"><\/p>\n<p data-save=\"my_save\"><\/p>\n<p id=\"my_id\"><\/p>\n\n<\/div>\n<div class=\"col-sm-6 space-bottom-xs space-top-xs\" data-type=\"column\"><img decoding=\"async\" class=\"custom-image\" title=\"cropped-ClosedLoop_registado-2.png\" src=\"https:\/\/closedloop.pt\/wp-content\/uploads\/2023\/03\/cropped-ClosedLoop_registado-2.png\" alt=\"\" \/><\/div>\n<div class=\"col-sm-6\" data-type=\"column\">\n<h2 class=\"\">Baixar Pol\u00edtica da Qualidade<\/h2>\n<a class=\"button color1\" href=\"https:\/\/closedloop.pt\/wp-content\/uploads\/2023\/03\/POLITICA-QUALIDADE.pdf\" target=\"_blank\" rel=\"noopener noreferrer\" data-cp-link=\"1\">Quality Policy<\/a>\n\n<\/div>\n<\/div>\n<\/div>\n<\/div>\n<div id=\"qualidade\" class=\"overlappable-4-mc content-section content-section-spacing\" style=\"background-color: #f5fafd; background-image: none;\" data-label=\"Quality Policy\" data-id=\"overlappable--1\" data-export-id=\"overlappable-4-mc\" data-category=\"overlappable\" data-overlap=\"true\">\n<div class=\"gridContainer\">\n<div class=\"row spaced-cols text-center start-sm content-left-sm\" data-type=\"row\">\n<div class=\"col-xs-12 col-sm-4 col-padding\">\n<div class=\"\" data-type=\"column\">\n<h5 class=\"font-400\">MISS\u00c3O<\/h5>\n<p class=\"\">O nosso Know-How e a nossa experi\u00eancia permitem-nos encontrar a solu\u00e7\u00e3o mais adequada para o cliente dentro das nossas 3 \u00e1reas principais de atua\u00e7\u00e3o: a automa\u00e7\u00e3o, a eletr\u00f3nica e a mec\u00e2nica. Atrav\u00e9s da fus\u00e3o destas 3 \u00e1reas distintas, pretendemos acrescentar valor tecnol\u00f3gico aos nossos clientes, criando assim parcerias sustent\u00e1veis e duradouras.<\/p>\n\n<\/div>\n<\/div>\n<div class=\"col-xs-12 col-sm-4 col-padding\">\n<div class=\"\" data-type=\"column\">\n<h5 class=\"font-400\">VIS\u00c3O<\/h5>\n<p class=\"\">Pretendemos estruturar e consolidar o crescimento da organiza\u00e7\u00e3o, de forma a garantirmos um sucesso sustentado dentro das nossas 3 \u00e1reas principais de atua\u00e7\u00e3o: a automa\u00e7\u00e3o, a eletr\u00f3nica e a mec\u00e2nica.<\/p>\nEstar na vanguarda da tecnologia das energias renov\u00e1veis, acrescentando valor tecnol\u00f3gico nas parcerias desenvolvidas com os nossos clientes, e desenvolver solu\u00e7\u00f5es adequadas \u00e0 melhoria da sua pegada ecol\u00f3gica.\n\n<\/div>\n<\/div>\n<div class=\"col-xs-12 col-sm-4 col-padding\">\n<div class=\"\" data-type=\"column\">\n<h5 class=\"font-400\">PRINC\u00cdPIOS<\/h5>\n<p class=\"\">A satisfa\u00e7\u00e3o do cliente \u00e9 para n\u00f3s fundamental e por isso a efici\u00eancia e a efic\u00e1cia dos nossos processos e dos nossos servi\u00e7os est\u00e3o intr\u00ednsecas no nosso dia-a-dia.<\/p>\nA integridade e a honestidade s\u00e3o para n\u00f3s valores fundamentais, tanto no contacto com o cliente como no contacto di\u00e1rio com os nossos colaboradores.\n\n<\/div>\n<\/div>\n<\/div>\n<\/div>\n<\/div>\n<div id=\"career\" class=\"cta-blue-section-mc\" style=\"background-color: #7b8cad;\" data-label=\"carreira\" data-id=\"career\" data-export-id=\"cta-blue-section-mc\" data-bullets-visibility=\"true\" data-category=\"career\">\n<div class=\"gridContainer\">\n<div class=\"row middle-xs\">\n<div class=\"col-padding-small description-container\" data-type=\"column\">\n<div class=\"gridContainer\">\n<p class=\"my_class\"><\/p>\n<p id=\"my_id\"><\/p>\n<p data-save=\"my_save\"><\/p>\n<p id=\"my_id\"><\/p>\n\n<\/div>\n<h2 class=\"font-500\" style=\"color: white;\">Venha trabalhar connosco!<\/h2>\n<h4 class=\"font-500\" style=\"color: white;\">Se pretende integrar a nossa equipa, envie o seu C.V. para:<\/h4>\n<h5 class=\"font-500\" style=\"color: white;\">geral@closedloop.pt.<\/h5>\n<div class=\"gridContainer\">\n<p class=\"my_class\"><\/p>\n<p id=\"my_id\"><\/p>\n\n<\/div>\n<\/div>\n<\/div>\n<\/div>\n<\/div>\n<div id=\"contacts\" style=\"background-color: #7b8cad;\" data-label=\"contactos\" data-id=\"contacts\" data-export-id=\"cta-blue-section-mc\" data-bullets-visibility=\"true\" data-category=\"contacts\">\n<div class=\"gridContainer\">\n<div class=\"row middle-xs\">\n<div class=\"col-padding-small description-container\" data-type=\"column\">\n<div class=\"gridContainer\">\n<p class=\"my_class\"><\/p>\n<p id=\"my_id\"><\/p>\n<p data-save=\"my_save\"><\/p>\n<p id=\"my_id\"><\/p>\n\n<\/div>\n<\/div>\n<\/div>\n<\/div>\n<\/div>","protected":false},"excerpt":{"rendered":"<p>O nosso principal objetivo \u00e9 acrescentar valor tecnol\u00f3gico aos nossos clientes. ENERGIAS RENOV\u00c1VEIS MOLDES E COMP\u00d3SITOS Desenvolvemos solu\u00e7\u00f5es e otimizamos processos na \u00e1rea E\u00f3lica. A nossa equipa tem mais de 15 anos de experi\u00eancia a desenvolver solu\u00e7\u00f5es para a produ\u00e7\u00e3o de p\u00e1s e\u00f3licas. ENERGIA E\u00d3LICA Integramos a nossa topologia \u201cClosedLoop\u201d com o objetivo de tornar&hellip; <br \/> <a class=\"read-more\" href=\"https:\/\/closedloop.pt\/\">Read more<\/a><\/p>\n","protected":false},"author":1,"featured_media":0,"parent":0,"menu_order":1,"comment_status":"closed","ping_status":"closed","template":"page-templates\/homepage.php","meta":{"footnotes":""},"_links":{"self":[{"href":"https:\/\/closedloop.pt\/index.php\/wp-json\/wp\/v2\/pages\/105"}],"collection":[{"href":"https:\/\/closedloop.pt\/index.php\/wp-json\/wp\/v2\/pages"}],"about":[{"href":"https:\/\/closedloop.pt\/index.php\/wp-json\/wp\/v2\/types\/page"}],"author":[{"embeddable":true,"href":"https:\/\/closedloop.pt\/index.php\/wp-json\/wp\/v2\/users\/1"}],"replies":[{"embeddable":true,"href":"https:\/\/closedloop.pt\/index.php\/wp-json\/wp\/v2\/comments?post=105"}],"version-history":[{"count":149,"href":"https:\/\/closedloop.pt\/index.php\/wp-json\/wp\/v2\/pages\/105\/revisions"}],"predecessor-version":[{"id":1202,"href":"https:\/\/closedloop.pt\/index.php\/wp-json\/wp\/v2\/pages\/105\/revisions\/1202"}],"wp:attachment":[{"href":"https:\/\/closedloop.pt\/index.php\/wp-json\/wp\/v2\/media?parent=105"}],"curies":[{"name":"wp","href":"https:\/\/api.w.org\/{rel}","templated":true}]}}